{"id":10,"date":"2020-02-12T20:24:39","date_gmt":"2020-02-12T19:24:39","guid":{"rendered":"http:\/\/www.lesfaitspygmalion.fr\/wordpress\/?page_id=10"},"modified":"2023-02-28T16:00:34","modified_gmt":"2023-02-28T15:00:34","slug":"psychopedagogie_c-est-quoi","status":"publish","type":"page","link":"http:\/\/www.lesfaitspygmalion.fr\/wordpress\/psychopedagogie\/psychopedagogie_c-est-quoi\/","title":{"rendered":"psychopedagogie &#8211; c est quoi"},"content":{"rendered":"\n<h2 class=\"wp-block-heading\">La psychop\u00e9dagogie positive, c\u2019est quoi ? <\/h2>\n\n\n\n<p>En psychop\u00e9dagogie, les accompagn\u00e9s mettent leurs \u00e9motions et leur corps au service d&rsquo;une qualit\u00e9 de vie \u00e0 l&rsquo;\u00e9cole, au travail et \u00e0 la maison. Le psychop\u00e9dagogue proc\u00e8de \u00e0 une \u00e9valuation de la situation afin d&rsquo;identifier o\u00f9 peuvent se situer les blocages et accompagne pour aider \u00e0 retrouver son pouvoir d&rsquo;agir et sa confiance.<\/p>\n\n\n<div class=\"wp-block-image\">\n<figure class=\"aligncenter size-large\"><img decoding=\"async\" loading=\"lazy\" width=\"550\" height=\"349\" src=\"http:\/\/www.lesfaitspygmalion.fr\/wordpress\/wp-content\/uploads\/2020\/02\/tcc-2.jpg\" alt=\"\" class=\"wp-image-161\" srcset=\"http:\/\/www.lesfaitspygmalion.fr\/wordpress\/wp-content\/uploads\/2020\/02\/tcc-2.jpg 550w, http:\/\/www.lesfaitspygmalion.fr\/wordpress\/wp-content\/uploads\/2020\/02\/tcc-2-300x190.jpg 300w\" sizes=\"(max-width: 550px) 100vw, 550px\" \/><\/figure><\/div>\n\n\n<p>Pour d\u00e9velopper mon potentiel :<\/p>\n\n\n\n<p><strong><em>Je d\u00e9couvre les aptitudes naturelles de ma t\u00eate<\/em><\/strong> en m&rsquo;int\u00e9ressant au fonctionnement des trois cerveaux : reptilien, limbique et n\u00e9ocortex afin de rep\u00e9rer mes strat\u00e9gies mentales. <\/p>\n\n\n\n<p><strong><em>Je fais de mes \u00e9motions mes alli\u00e9es<\/em><\/strong> en apprenant \u00e0 les conna\u00eetre, les identifier, les exprimer, les r\u00e9guler et les utiliser. <\/p>\n\n\n\n<p><strong><em>Je prends soin de mon corps<\/em><\/strong> en \u00e9tant \u00e0 l&rsquo;\u00e9coute de mes sensations et de mes besoins physiologiques. J&rsquo;utilise des exercices de pratiques issus de la m\u00e9thode Vittoz, la CNV et bien d&rsquo;autres.<\/p>\n\n\n\n<p> <em><strong>Les bienfaits<\/strong><\/em> : Je me sens mieux, je me sens plus calme et pos\u00e9, mon mental est apais\u00e9, je suis plus attentif et concentr\u00e9. Mon apprentissage est boost\u00e9.<\/p>\n\n\n\n<p>En r\u00e9alisant ces pratiques, j&rsquo;apprends \u00e0 \u00e9quilibrer les deux fonctions principales de mon cerveau : \u00e9missivit\u00e9 et r\u00e9ceptivit\u00e9.<\/p>\n\n\n\n<p>L&rsquo;ingr\u00e9dient indispensable \u00e0 rajouter \u00e0 cette approche, c\u2019est <strong>l\u2019effet pygmalion<\/strong> (Rosenthal). Le fait de croire en la r\u00e9ussite de quelqu\u2019un am\u00e9liore ses probabilit\u00e9s de r\u00e9ussite. <strong><em>Proph\u00e9tie auto-r\u00e9alisatrice<\/em><\/strong>.<\/p>\n\n\n\n<p><\/p>\n\n\n\n<p> <\/p>\n\n\n\n<p><\/p>\n\n\n<div class=\"wp-block-image\">\n<figure class=\"aligncenter is-resized\"><img decoding=\"async\" loading=\"lazy\" class=\"wp-image-142\" alt=\"\" src=\"http:\/\/www.lesfaitspygmalion.fr\/wordpress\/wp-content\/uploads\/2020\/02\/outils-de-la-confiance-en-soi-des-professionnels-31-638.jpg\" width=\"479\" height=\"359\"><\/figure>\n<\/div>\n\n\n<p><a href=\"http:\/\/www.lesfaitspygmalion.fr\/wordpress\/psychopedagogie_pour-qui\/\">Lire la suite&#8230;(La psychop\u00e9dagogie positive, pour qui)<\/a><\/p>\n","protected":false},"excerpt":{"rendered":"<p>La psychop\u00e9dagogie positive, c\u2019est quoi ? En psychop\u00e9dagogie, les accompagn\u00e9s mettent leurs \u00e9motions et leur corps au service d&rsquo;une qualit\u00e9 de vie \u00e0 l&rsquo;\u00e9cole, au travail et \u00e0 la maison. Le psychop\u00e9dagogue proc\u00e8de \u00e0 une \u00e9valuation de la situation afin d&rsquo;identifier o\u00f9 peuvent se situer les blocages et accompagne pour aider \u00e0 retrouver son pouvoir [&hellip;]<\/p>\n","protected":false},"author":1,"featured_media":400,"parent":3,"menu_order":0,"comment_status":"closed","ping_status":"closed","template":"","meta":[],"_links":{"self":[{"href":"http:\/\/www.lesfaitspygmalion.fr\/wordpress\/wp-json\/wp\/v2\/pages\/10"}],"collection":[{"href":"http:\/\/www.lesfaitspygmalion.fr\/wordpress\/wp-json\/wp\/v2\/pages"}],"about":[{"href":"http:\/\/www.lesfaitspygmalion.fr\/wordpress\/wp-json\/wp\/v2\/types\/page"}],"author":[{"embeddable":true,"href":"http:\/\/www.lesfaitspygmalion.fr\/wordpress\/wp-json\/wp\/v2\/users\/1"}],"replies":[{"embeddable":true,"href":"http:\/\/www.lesfaitspygmalion.fr\/wordpress\/wp-json\/wp\/v2\/comments?post=10"}],"version-history":[{"count":45,"href":"http:\/\/www.lesfaitspygmalion.fr\/wordpress\/wp-json\/wp\/v2\/pages\/10\/revisions"}],"predecessor-version":[{"id":562,"href":"http:\/\/www.lesfaitspygmalion.fr\/wordpress\/wp-json\/wp\/v2\/pages\/10\/revisions\/562"}],"up":[{"embeddable":true,"href":"http:\/\/www.lesfaitspygmalion.fr\/wordpress\/wp-json\/wp\/v2\/pages\/3"}],"wp:featuredmedia":[{"embeddable":true,"href":"http:\/\/www.lesfaitspygmalion.fr\/wordpress\/wp-json\/wp\/v2\/media\/400"}],"wp:attachment":[{"href":"http:\/\/www.lesfaitspygmalion.fr\/wordpress\/wp-json\/wp\/v2\/media?parent=10"}],"curies":[{"name":"wp","href":"https:\/\/api.w.org\/{rel}","templated":true}]}}