{"id":12,"date":"2020-02-12T20:25:36","date_gmt":"2020-02-12T19:25:36","guid":{"rendered":"http:\/\/www.lesfaitspygmalion.fr\/wordpress\/?page_id=12"},"modified":"2023-03-08T17:11:12","modified_gmt":"2023-03-08T16:11:12","slug":"psychopedagogie_pour-qui","status":"publish","type":"page","link":"http:\/\/www.lesfaitspygmalion.fr\/wordpress\/psychopedagogie\/psychopedagogie_pour-qui\/","title":{"rendered":"psychopedagogie &#8211; pour qui"},"content":{"rendered":"\n<h2 class=\"wp-block-heading\">La psychop\u00e9dagogie, pour qui ? <\/h2>\n\n\n\n<p>Pour les <strong>parents<\/strong> d\u00e9sireux de soutenir autrement leurs enfants, adolescents et jeunes adultes dans le d\u00e9veloppement de leurs comp\u00e9tences cognitives, \u00e9motionnelles et sociales en lien avec l&rsquo;apprentissage, l&rsquo;orientation et la vie \u00e9tudiante.<\/p>\n\n\n\n<ul>\n<li>D\u00e9motivation scolaire<\/li>\n\n\n\n<li>Absence de confiance et\/ou d\u2019estime de soi <\/li>\n\n\n\n<li>Difficult\u00e9 \u00e9motionnelle et relationnelle<\/li>\n\n\n\n<li>Difficult\u00e9 d\u2019attention, de concentration, de m\u00e9morisation<\/li>\n<\/ul>\n\n\n\n<p>Pour les <strong>adultes<\/strong> confront\u00e9s \u00e0 des difficult\u00e9s relationnelles ou \u00e0 la pression et\/ou en pleine r\u00e9flexion de transition de vie<\/p>\n\n\n\n<ul>\n<li>Difficult\u00e9s de communication avec ses enfants, ses parents, ses coll\u00e8gues<\/li>\n\n\n\n<li>En besoin d&rsquo;apprendre \u00e0 dire \u00ab\u00a0non\u00a0\u00bb<\/li>\n\n\n\n<li>Difficult\u00e9 \u00e0 g\u00e9rer son stress et ses \u00e9motions <\/li>\n\n\n\n<li>En mode projet de transition de vie professionnelle <\/li>\n<\/ul>\n\n\n\n<figure class=\"wp-block-image size-large is-style-default\"><img decoding=\"async\" loading=\"lazy\" width=\"1024\" height=\"576\" src=\"http:\/\/www.lesfaitspygmalion.fr\/wordpress\/wp-content\/uploads\/2020\/02\/maxresdefault-1024x576.jpg\" alt=\"\" class=\"wp-image-206\" srcset=\"http:\/\/www.lesfaitspygmalion.fr\/wordpress\/wp-content\/uploads\/2020\/02\/maxresdefault-1024x576.jpg 1024w, http:\/\/www.lesfaitspygmalion.fr\/wordpress\/wp-content\/uploads\/2020\/02\/maxresdefault-300x169.jpg 300w, http:\/\/www.lesfaitspygmalion.fr\/wordpress\/wp-content\/uploads\/2020\/02\/maxresdefault-768x432.jpg 768w, http:\/\/www.lesfaitspygmalion.fr\/wordpress\/wp-content\/uploads\/2020\/02\/maxresdefault.jpg 1280w\" sizes=\"(max-width: 1024px) 100vw, 1024px\" \/><\/figure>\n\n\n\n<p>Pour les <strong>entreprises<\/strong> et associations ayant l&rsquo;envie de sensibiliser leurs <strong>salari\u00e9s <\/strong><\/p>\n\n\n\n<ul>\n<li>A la pr\u00e9vention de l&rsquo;usure professionnelle <\/li>\n\n\n\n<li>A la gestion des situations difficiles et au d\u00e9veloppement des comp\u00e9tences \u00e9motionnelles et relationnelles<\/li>\n<\/ul>\n\n\n\n<p>Mon  approche globale peut soutenir et\/ou compl\u00e9ter une autre prise en charge d\u00e9j\u00e0 existante ou pas, par d\u2019autres praticiens tels que psychologue, orthophoniste, psychomotricien, enseignant, kin\u00e9siologue\u2026 <\/p>\n","protected":false},"excerpt":{"rendered":"<p>La psychop\u00e9dagogie, pour qui ? Pour les parents d\u00e9sireux de soutenir autrement leurs enfants, adolescents et jeunes adultes dans le d\u00e9veloppement de leurs comp\u00e9tences cognitives, \u00e9motionnelles et sociales en lien avec l&rsquo;apprentissage, l&rsquo;orientation et la vie \u00e9tudiante. Pour les adultes confront\u00e9s \u00e0 des difficult\u00e9s relationnelles ou \u00e0 la pression et\/ou en pleine r\u00e9flexion de transition [&hellip;]<\/p>\n","protected":false},"author":1,"featured_media":400,"parent":3,"menu_order":0,"comment_status":"closed","ping_status":"closed","template":"","meta":[],"_links":{"self":[{"href":"http:\/\/www.lesfaitspygmalion.fr\/wordpress\/wp-json\/wp\/v2\/pages\/12"}],"collection":[{"href":"http:\/\/www.lesfaitspygmalion.fr\/wordpress\/wp-json\/wp\/v2\/pages"}],"about":[{"href":"http:\/\/www.lesfaitspygmalion.fr\/wordpress\/wp-json\/wp\/v2\/types\/page"}],"author":[{"embeddable":true,"href":"http:\/\/www.lesfaitspygmalion.fr\/wordpress\/wp-json\/wp\/v2\/users\/1"}],"replies":[{"embeddable":true,"href":"http:\/\/www.lesfaitspygmalion.fr\/wordpress\/wp-json\/wp\/v2\/comments?post=12"}],"version-history":[{"count":42,"href":"http:\/\/www.lesfaitspygmalion.fr\/wordpress\/wp-json\/wp\/v2\/pages\/12\/revisions"}],"predecessor-version":[{"id":626,"href":"http:\/\/www.lesfaitspygmalion.fr\/wordpress\/wp-json\/wp\/v2\/pages\/12\/revisions\/626"}],"up":[{"embeddable":true,"href":"http:\/\/www.lesfaitspygmalion.fr\/wordpress\/wp-json\/wp\/v2\/pages\/3"}],"wp:featuredmedia":[{"embeddable":true,"href":"http:\/\/www.lesfaitspygmalion.fr\/wordpress\/wp-json\/wp\/v2\/media\/400"}],"wp:attachment":[{"href":"http:\/\/www.lesfaitspygmalion.fr\/wordpress\/wp-json\/wp\/v2\/media?parent=12"}],"curies":[{"name":"wp","href":"https:\/\/api.w.org\/{rel}","templated":true}]}}