{"id":16,"date":"2020-02-12T20:28:29","date_gmt":"2020-02-12T19:28:29","guid":{"rendered":"http:\/\/www.lesfaitspygmalion.fr\/wordpress\/?page_id=16"},"modified":"2023-03-29T16:33:57","modified_gmt":"2023-03-29T14:33:57","slug":"contact-tarifs","status":"publish","type":"page","link":"http:\/\/www.lesfaitspygmalion.fr\/wordpress\/contact-tarifs\/","title":{"rendered":"contact\/tarifs"},"content":{"rendered":"\n<h2 class=\"wp-block-heading\">Mes coordonn\u00e9es<\/h2>\n\n\n\n<h2 class=\"wp-block-heading\">Tarifs : <\/h2>\n\n\n\n<figure class=\"wp-block-image size-full is-resized is-style-rounded\"><img decoding=\"async\" loading=\"lazy\" src=\"http:\/\/www.lesfaitspygmalion.fr\/wordpress\/wp-content\/uploads\/2023\/03\/PAG11-6-edited-5-scaled1-3.jpg\" alt=\"\" class=\"wp-image-612\" width=\"144\" height=\"232\"\/><\/figure>\n\n\n\n<h2 class=\"wp-block-heading\" style=\"font-size:12px;font-style:normal;font-weight:500;text-transform:uppercase\">Je vous accueille sur RDV\u00a0au 06 99 26 99 31<\/h2>\n\n\n\n<p class=\"has-text-align-left\" style=\"font-size:18px\">S\u00e9ance en cabinet : 80 \u20ac (anamn\u00e8se) &#8211; dur\u00e9e : 1h30<\/p>\n\n\n\n<p>S\u00e9ances suivantes en cabinet : 75 \u20ac &#8211; dur\u00e9e : 1h30<\/p>\n\n\n\n<h2 class=\"wp-block-heading\">Laissez moi un message.<\/h2>\n\n\n\n<ul><p class=\"has-text-align-right\"><div role=\"form\" class=\"wpcf7\" id=\"wpcf7-f447-o1\" lang=\"fr-FR\" dir=\"ltr\">\n<div class=\"screen-reader-response\"><\/div>\n<form action=\"\/wordpress\/wp-json\/wp\/v2\/pages\/16#wpcf7-f447-o1\" method=\"post\" class=\"wpcf7-form\" novalidate=\"novalidate\">\n<div style=\"display: none;\">\n<input type=\"hidden\" name=\"_wpcf7\" value=\"447\" \/>\n<input type=\"hidden\" name=\"_wpcf7_version\" value=\"5.1.7\" \/>\n<input type=\"hidden\" name=\"_wpcf7_locale\" value=\"fr_FR\" \/>\n<input type=\"hidden\" name=\"_wpcf7_unit_tag\" value=\"wpcf7-f447-o1\" \/>\n<input type=\"hidden\" name=\"_wpcf7_container_post\" value=\"0\" \/>\n<\/div>\n<p><label> Nom (obligatoire) :<br \/>\n    <span class=\"wpcf7-form-control-wrap your-name\"><input type=\"text\" name=\"your-name\" value=\"\" size=\"40\" class=\"wpcf7-form-control wpcf7-text wpcf7-validates-as-required\" aria-required=\"true\" aria-invalid=\"false\" \/><\/span> <\/label><\/p>\n<p><label> Adresse de messagerie (obligatoire) :<br \/>\n    <span class=\"wpcf7-form-control-wrap your-email\"><input type=\"email\" name=\"your-email\" value=\"\" size=\"40\" class=\"wpcf7-form-control wpcf7-text wpcf7-email wpcf7-validates-as-required wpcf7-validates-as-email\" aria-required=\"true\" aria-invalid=\"false\" \/><\/span> <\/label><\/p>\n<p><label> Objet :<br \/>\n    <span class=\"wpcf7-form-control-wrap your-subject\"><input type=\"text\" name=\"your-subject\" value=\"\" size=\"40\" class=\"wpcf7-form-control wpcf7-text\" aria-invalid=\"false\" \/><\/span> <\/label><\/p>\n<p><label> Message :<br \/>\n    <span class=\"wpcf7-form-control-wrap your-message\"><textarea name=\"your-message\" cols=\"40\" rows=\"10\" class=\"wpcf7-form-control wpcf7-textarea\" aria-invalid=\"false\"><\/textarea><\/span> <\/label><\/p>\n<p><input type=\"submit\" value=\"Envoyer\" class=\"wpcf7-form-control wpcf7-submit\" \/><\/p>\n<p style=\"display: none !important;\" class=\"akismet-fields-container\" data-prefix=\"_wpcf7_ak_\"><label>&#916;<textarea name=\"_wpcf7_ak_hp_textarea\" cols=\"45\" rows=\"8\" maxlength=\"100\"><\/textarea><\/label><input type=\"hidden\" id=\"ak_js_1\" name=\"_wpcf7_ak_js\" value=\"50\"\/><script>document.getElementById( \"ak_js_1\" ).setAttribute( \"value\", ( new Date() ).getTime() );<\/script><\/p><div class=\"wpcf7-response-output wpcf7-display-none\"><\/div><\/form><\/div><\/p><\/ul>\n\n\n\n<h2 class=\"wp-block-heading\">Consultations<\/h2>\n\n\n\n<p><strong>En cabinet<\/strong> : 5 place Stalingrad 91 170 Viry-Ch\u00e2tillon ou 27 chemin de la Garenne 91220 Bretigny-sur-Orge <\/p>\n\n\n\n<p>En individuel : le 1er entretien est r\u00e9alis\u00e9 avec l\u2019enfant ou l&rsquo;adolescent en pr\u00e9sence de l&rsquo;un des parents. Dur\u00e9e  maximale 1h30. <\/p>\n\n\n\n<p>Il  permet aux parents et au jeune d\u2019exprimer la probl\u00e9matique et de formuler les attentes. Il fera l\u2019objet d\u2019un recueil d\u2019informations concernant le jeune et son environnement scolaire et familial. A l\u2019issue de ce 1er entretien, le cadre de l\u2019accompagnement personnalis\u00e9 est fix\u00e9.<\/p>\n\n\n\n<p>Les s\u00e9ances suivantes se d\u00e9roulent en pr\u00e9sence du parent et\/ou en individuel avec l\u2019enfant ou le jeune.  D\u2019une dur\u00e9e d\u20191h30.<\/p>\n\n\n\n<p><\/p>\n\n\n\n<p><\/p>\n\n\n\n<p><\/p>\n\n\n\n<figure class=\"wp-block-image size-large is-resized\"><img decoding=\"async\" loading=\"lazy\" src=\"http:\/\/www.lesfaitspygmalion.fr\/wordpress\/wp-content\/uploads\/2020\/03\/blanc.jpg\" alt=\"\" class=\"wp-image-279\" width=\"434\" height=\"434\" srcset=\"http:\/\/www.lesfaitspygmalion.fr\/wordpress\/wp-content\/uploads\/2020\/03\/blanc.jpg 400w, http:\/\/www.lesfaitspygmalion.fr\/wordpress\/wp-content\/uploads\/2020\/03\/blanc-300x300.jpg 300w, http:\/\/www.lesfaitspygmalion.fr\/wordpress\/wp-content\/uploads\/2020\/03\/blanc-150x150.jpg 150w\" sizes=\"(max-width: 434px) 100vw, 434px\" \/><\/figure>\n","protected":false},"excerpt":{"rendered":"<p>Mes coordonn\u00e9es Tarifs : Je vous accueille sur RDV\u00a0au 06 99 26 99 31 S\u00e9ance en cabinet : 80 \u20ac (anamn\u00e8se) &#8211; dur\u00e9e : 1h30 S\u00e9ances suivantes en cabinet : 75 \u20ac &#8211; dur\u00e9e : 1h30 Laissez moi un message. Consultations En cabinet : 5 place Stalingrad 91 170 Viry-Ch\u00e2tillon ou 27 chemin de la [&hellip;]<\/p>\n","protected":false},"author":1,"featured_media":400,"parent":0,"menu_order":4,"comment_status":"closed","ping_status":"closed","template":"","meta":[],"_links":{"self":[{"href":"http:\/\/www.lesfaitspygmalion.fr\/wordpress\/wp-json\/wp\/v2\/pages\/16"}],"collection":[{"href":"http:\/\/www.lesfaitspygmalion.fr\/wordpress\/wp-json\/wp\/v2\/pages"}],"about":[{"href":"http:\/\/www.lesfaitspygmalion.fr\/wordpress\/wp-json\/wp\/v2\/types\/page"}],"author":[{"embeddable":true,"href":"http:\/\/www.lesfaitspygmalion.fr\/wordpress\/wp-json\/wp\/v2\/users\/1"}],"replies":[{"embeddable":true,"href":"http:\/\/www.lesfaitspygmalion.fr\/wordpress\/wp-json\/wp\/v2\/comments?post=16"}],"version-history":[{"count":55,"href":"http:\/\/www.lesfaitspygmalion.fr\/wordpress\/wp-json\/wp\/v2\/pages\/16\/revisions"}],"predecessor-version":[{"id":643,"href":"http:\/\/www.lesfaitspygmalion.fr\/wordpress\/wp-json\/wp\/v2\/pages\/16\/revisions\/643"}],"wp:featuredmedia":[{"embeddable":true,"href":"http:\/\/www.lesfaitspygmalion.fr\/wordpress\/wp-json\/wp\/v2\/media\/400"}],"wp:attachment":[{"href":"http:\/\/www.lesfaitspygmalion.fr\/wordpress\/wp-json\/wp\/v2\/media?parent=16"}],"curies":[{"name":"wp","href":"https:\/\/api.w.org\/{rel}","templated":true}]}}