{"id":210,"date":"2020-02-28T17:15:10","date_gmt":"2020-02-28T16:15:10","guid":{"rendered":"http:\/\/www.lesfaitspygmalion.fr\/wordpress\/?page_id=210"},"modified":"2023-03-29T16:22:36","modified_gmt":"2023-03-29T14:22:36","slug":"parcours","status":"publish","type":"page","link":"http:\/\/www.lesfaitspygmalion.fr\/wordpress\/parcours\/","title":{"rendered":"Parcours"},"content":{"rendered":"<div class=\"wp-block-image\">\n<figure class=\"alignleft size-large is-resized\"><img decoding=\"async\" loading=\"lazy\" src=\"http:\/\/www.lesfaitspygmalion.fr\/wordpress\/wp-content\/uploads\/2020\/02\/top.png\" alt=\"\" class=\"wp-image-216\" width=\"42\" height=\"42\"\/><\/figure><\/div>\n\n\n<h2 id=\"parti1\">Praticienne en psychop\u00e9dagogie positive<\/h2>\n\n\n\n<p class=\"has-text-align-left\"> J&rsquo;anime des ateliers avec les programmes <strong>Fovea<\/strong> adapt\u00e9s \u00e0 chaque \u00e2ge. A destination des :<\/p>\n\n\n\n<ul>\n<li>Parents\/enfants<\/li>\n<\/ul>\n\n\n\n<ul>\n<li>Adolescents et <\/li>\n<\/ul>\n\n\n\n<ul>\n<li>Adultes<\/li>\n<\/ul>\n\n\n\n<p>Ces programmes aident \u00e0 d\u00e9velopper une pr\u00e9sence attentive \u00e0 ses sensations corporelles, \u00e0 ses \u00e9motions et \u00e0 ses pens\u00e9es dans l&rsquo;instant pr\u00e9sent et ainsi r\u00e9duire le stress, r\u00e9guler les \u00e9motions et am\u00e9liorer attention, concentration. <\/p>\n\n\n\n<p>Ils apportent un soutien technique aux familles d\u00e9sireuses de retrouver un climat apais\u00e9.<\/p>\n\n\n\n<p>J&rsquo;utilise l&rsquo;approche t\u00eate c\u0153ur corps adapt\u00e9e par <a href=\"http:\/\/www.lafabriqueabonheurs.com\/l-equipe\/\">Audrey AKOUN et Isabelle  PAILLEAU<\/a> et une approche psychosensorielle et psychocorporelle bas\u00e9e sur des pratiques de la m\u00e9thode Dr Vittoz.<\/p>\n\n\n\n<p>Riche d\u2019un parcours progressif et \u00e9volutif, je suis en mesure de mettre \u00e0 votre service une bo\u00eete \u00e0 outils pleine de pratiques ludiques, surprenantes et efficaces.  <\/p>\n\n\n\n<ul>\n<li>Instructrice de groupe Fovea <em><mark style=\"background-color:rgba(0, 0, 0, 0)\" class=\"has-inline-color has-pale-cyan-blue-color\">(Flexibilit\u00e9 Ouverture bas\u00e9e sur la m\u00e9thode Vittoz \u00e0 l&rsquo;Exp\u00e9rience<\/mark> <mark style=\"background-color:rgba(0, 0, 0, 0)\" class=\"has-inline-color has-pale-cyan-blue-color\">Attentive<\/mark>)<\/em> pratiques issues de la m\u00e9thode Vittoz<\/li>\n\n\n\n<li>Praticienne certifi\u00e9e en psychop\u00e9dagogie positive <\/li>\n\n\n\n<li>Praticienne  certifi\u00e9e en PNL (programmation neurolinguistique)<\/li>\n\n\n\n<li>Form\u00e9e et certifi\u00e9e \u00e0 la CNV (Marshall Rosenberg) et en parole positive et bienveillante (Marie-Jeanne  Brickler)<\/li>\n\n\n\n<li>Form\u00e9e \u00e0 la gestion des conflits (TKI : Thomas and Kilmann)<\/li>\n\n\n\n<li>Praticienne certifi\u00e9e Reiki Usui<\/li>\n\n\n\n<li>Form\u00e9e \u00e0 l\u2019analyse syst\u00e9mique et th\u00e9rapie familiale <\/li>\n<\/ul>\n\n\n\n<p><mark style=\"background-color:rgba(0, 0, 0, 0)\" class=\"has-inline-color has-vivid-cyan-blue-color\">Praticienne Reiki<\/mark>, j&rsquo;accompagne les adultes en qu\u00eate de d\u00e9veloppement personnel et d&rsquo;\u00e9volution spirituelle. Il s&rsquo;agit de s\u00e9ances \u00e9nerg\u00e9tiques qui apportent du bien \u00eatre au niveau \u00e9motionnel, mental, physique et spirituel.<\/p>\n\n\n\n<p> Je vous accueille sur <a href=\"http:\/\/www.lesfaitspygmalion.fr\/contact\">RDV<\/a>&nbsp;au 06 99 26 99 31 <\/p>\n\n\n<div class=\"wp-block-image\">\n<figure class=\"alignleft size-large is-resized\"><img decoding=\"async\" loading=\"lazy\" src=\"http:\/\/www.lesfaitspygmalion.fr\/wordpress\/wp-content\/uploads\/2020\/04\/images-part2.jpg\" alt=\"\" class=\"wp-image-383\" width=\"69\" height=\"36\"\/><\/figure><\/div>\n\n\n<h2 id=\"parti2\">Formatrice pour adultes<\/h2>\n\n\n\n<p> Je forme des professionnels en communication interpersonnelle (\u00e9coute active, assertivit\u00e9), en gestion du stress, des conflits et des \u00e9motions. J&rsquo;utilise le TKI, du Vittoz et mes outils de PNL, destin\u00e9s \u00e0 accompagner la transformation, la communication efficace, la r\u00e9gulation des \u00e9motions et \u00e0 d\u00e9samorcer les conflits. <\/p>\n\n\n\n<p>Cette exp\u00e9rience m&rsquo;a permis de peaufiner ma compr\u00e9hension du fonctionnement humain dans un syst\u00e8me d&rsquo;apprentissage ainsi que les \u00e9tats \u00e9motionnels associ\u00e9s. <\/p>\n\n\n<div class=\"wp-block-image\">\n<figure class=\"alignleft size-full is-resized\"><img decoding=\"async\" loading=\"lazy\" src=\"http:\/\/www.lesfaitspygmalion.fr\/wordpress\/wp-content\/uploads\/2020\/02\/base-1.png\" alt=\"\" class=\"wp-image-214\" width=\"73\" height=\"31\"\/><\/figure><\/div>\n\n\n<h2 id=\"parti3\">Responsable d\u2019Unit\u00e9 d\u2019Intervention Sociale<\/h2>\n\n\n\n<p>J\u2019ai manag\u00e9 une \u00e9quipe de professionnels : assistant de secteur, technicien d&rsquo;intervention sociale et familiale et assistant de vie aux familles. <\/p>\n\n\n\n<p>J\u2019ai accompagn\u00e9 les salari\u00e9es dans l&rsquo;\u00e9laboration de leur plan de d\u00e9veloppement des comp\u00e9tences lors des entretiens annuels avec l&rsquo;envie de promouvoir leur \u00e9volution professionnelle.<\/p>\n\n\n\n<p>J\u2019ai  accompagn\u00e9 des familles \u00e0 leur domicile avec la collaboration d&rsquo;une \u00e9quipe pluridisciplinaire dans le cadre d\u2019un soutien \u00e0 la parentalit\u00e9 en vue de renforcer leur comp\u00e9tence parentale. <\/p>\n\n\n\n<p>Cette exp\u00e9rience m&rsquo;a donn\u00e9 l&rsquo;\u00e9lan pour aller plus loin dans la connaissance et la compr\u00e9hension du fonctionnement du syst\u00e8me familial et des syst\u00e8mes humains. <\/p>\n","protected":false},"excerpt":{"rendered":"<p>Praticienne en psychop\u00e9dagogie positive J&rsquo;anime des ateliers avec les programmes Fovea adapt\u00e9s \u00e0 chaque \u00e2ge. A destination des : Ces programmes aident \u00e0 d\u00e9velopper une pr\u00e9sence attentive \u00e0 ses sensations corporelles, \u00e0 ses \u00e9motions et \u00e0 ses pens\u00e9es dans l&rsquo;instant pr\u00e9sent et ainsi r\u00e9duire le stress, r\u00e9guler les \u00e9motions et am\u00e9liorer attention, concentration. Ils apportent [&hellip;]<\/p>\n","protected":false},"author":1,"featured_media":400,"parent":0,"menu_order":1,"comment_status":"closed","ping_status":"closed","template":"","meta":[],"_links":{"self":[{"href":"http:\/\/www.lesfaitspygmalion.fr\/wordpress\/wp-json\/wp\/v2\/pages\/210"}],"collection":[{"href":"http:\/\/www.lesfaitspygmalion.fr\/wordpress\/wp-json\/wp\/v2\/pages"}],"about":[{"href":"http:\/\/www.lesfaitspygmalion.fr\/wordpress\/wp-json\/wp\/v2\/types\/page"}],"author":[{"embeddable":true,"href":"http:\/\/www.lesfaitspygmalion.fr\/wordpress\/wp-json\/wp\/v2\/users\/1"}],"replies":[{"embeddable":true,"href":"http:\/\/www.lesfaitspygmalion.fr\/wordpress\/wp-json\/wp\/v2\/comments?post=210"}],"version-history":[{"count":58,"href":"http:\/\/www.lesfaitspygmalion.fr\/wordpress\/wp-json\/wp\/v2\/pages\/210\/revisions"}],"predecessor-version":[{"id":638,"href":"http:\/\/www.lesfaitspygmalion.fr\/wordpress\/wp-json\/wp\/v2\/pages\/210\/revisions\/638"}],"wp:featuredmedia":[{"embeddable":true,"href":"http:\/\/www.lesfaitspygmalion.fr\/wordpress\/wp-json\/wp\/v2\/media\/400"}],"wp:attachment":[{"href":"http:\/\/www.lesfaitspygmalion.fr\/wordpress\/wp-json\/wp\/v2\/media?parent=210"}],"curies":[{"name":"wp","href":"https:\/\/api.w.org\/{rel}","templated":true}]}}