{"id":3,"date":"2020-02-12T20:01:57","date_gmt":"2020-02-12T19:01:57","guid":{"rendered":"http:\/\/www.lesfaitspygmalion.fr\/wordpress\/?page_id=3"},"modified":"2023-02-28T15:57:07","modified_gmt":"2023-02-28T14:57:07","slug":"psychopedagogie","status":"publish","type":"page","link":"http:\/\/www.lesfaitspygmalion.fr\/wordpress\/psychopedagogie\/","title":{"rendered":"Psychop\u00e9dagogie positive"},"content":{"rendered":"\n<h2 class=\"wp-block-heading\">La psychop\u00e9dagogie positive, c\u2019est quoi ? <\/h2>\n\n\n\n<p>La psychop\u00e9dagogie positive est issue du courant de la psychologie positive et de la p\u00e9dagogie positive. <\/p>\n\n\n\n<p>La psychologie positive a pour objectif de promouvoir l\u2019\u00e9panouissement et l\u2019accomplissement de l\u2019humain. Elle est au service du <em>\u00ab\u00a0<strong>Etre bien<\/strong>\u00ab\u00a0<\/em> quelque soit l&rsquo;environnement dans lequel l&rsquo;humain \u00e9volue : scolaire, professionnel et familial. L&rsquo;objectif c&rsquo;est <strong><em>l&rsquo;\u00e9cologie du syst\u00e8me humain.<\/em><\/strong><\/p>\n\n\n\n<p>La p\u00e9dagogie positive c\u2019est l\u2019art de reconna\u00eetre le potentiel de  chacun pour r\u00e9ussir sa vie en lui donnant acc\u00e8s \u00e0 tous les ingr\u00e9dients  favorisant son d\u00e9veloppement et adapt\u00e9s \u00e0 son style d\u2019apprentissage. <\/p>\n\n\n\n<p>La psychop\u00e9dagogie positive c\u2019est la conjugaison de ces deux courants.<\/p>\n\n\n<div class=\"wp-block-image\">\n<figure class=\"aligncenter size-full is-resized\"><img decoding=\"async\" loading=\"lazy\" src=\"http:\/\/www.lesfaitspygmalion.fr\/wordpress\/wp-content\/uploads\/2020\/03\/a5562246df084c70be76ea56eb595569.jpg\" alt=\"\" class=\"wp-image-255\" width=\"512\" height=\"401\" srcset=\"http:\/\/www.lesfaitspygmalion.fr\/wordpress\/wp-content\/uploads\/2020\/03\/a5562246df084c70be76ea56eb595569.jpg 1024w, http:\/\/www.lesfaitspygmalion.fr\/wordpress\/wp-content\/uploads\/2020\/03\/a5562246df084c70be76ea56eb595569-300x235.jpg 300w, http:\/\/www.lesfaitspygmalion.fr\/wordpress\/wp-content\/uploads\/2020\/03\/a5562246df084c70be76ea56eb595569-768x602.jpg 768w\" sizes=\"(max-width: 512px) 100vw, 512px\" \/><\/figure><\/div>\n\n\n<p>Le travail en psychop\u00e9dagogie vise \u00e0 redonner de l\u2019estime de soi \u00e0 chacun en permettant de progresser dans son d\u00e9veloppement personnel et professionnel. <\/p>\n\n\n\n<p><a href=\"http:\/\/www.lesfaitspygmalion.fr\/wordpress\/psychopedagogie_c-est-quoi\/\">Lire la suite&#8230;<\/a><\/p>\n","protected":false},"excerpt":{"rendered":"<p>La psychop\u00e9dagogie positive, c\u2019est quoi ? La psychop\u00e9dagogie positive est issue du courant de la psychologie positive et de la p\u00e9dagogie positive. La psychologie positive a pour objectif de promouvoir l\u2019\u00e9panouissement et l\u2019accomplissement de l\u2019humain. Elle est au service du \u00ab\u00a0Etre bien\u00ab\u00a0 quelque soit l&rsquo;environnement dans lequel l&rsquo;humain \u00e9volue : scolaire, professionnel et familial. L&rsquo;objectif [&hellip;]<\/p>\n","protected":false},"author":1,"featured_media":400,"parent":0,"menu_order":2,"comment_status":"closed","ping_status":"open","template":"","meta":[],"_links":{"self":[{"href":"http:\/\/www.lesfaitspygmalion.fr\/wordpress\/wp-json\/wp\/v2\/pages\/3"}],"collection":[{"href":"http:\/\/www.lesfaitspygmalion.fr\/wordpress\/wp-json\/wp\/v2\/pages"}],"about":[{"href":"http:\/\/www.lesfaitspygmalion.fr\/wordpress\/wp-json\/wp\/v2\/types\/page"}],"author":[{"embeddable":true,"href":"http:\/\/www.lesfaitspygmalion.fr\/wordpress\/wp-json\/wp\/v2\/users\/1"}],"replies":[{"embeddable":true,"href":"http:\/\/www.lesfaitspygmalion.fr\/wordpress\/wp-json\/wp\/v2\/comments?post=3"}],"version-history":[{"count":39,"href":"http:\/\/www.lesfaitspygmalion.fr\/wordpress\/wp-json\/wp\/v2\/pages\/3\/revisions"}],"predecessor-version":[{"id":559,"href":"http:\/\/www.lesfaitspygmalion.fr\/wordpress\/wp-json\/wp\/v2\/pages\/3\/revisions\/559"}],"wp:featuredmedia":[{"embeddable":true,"href":"http:\/\/www.lesfaitspygmalion.fr\/wordpress\/wp-json\/wp\/v2\/media\/400"}],"wp:attachment":[{"href":"http:\/\/www.lesfaitspygmalion.fr\/wordpress\/wp-json\/wp\/v2\/media?parent=3"}],"curies":[{"name":"wp","href":"https:\/\/api.w.org\/{rel}","templated":true}]}}