{"id":14,"date":"2020-02-12T20:27:31","date_gmt":"2020-02-12T19:27:31","guid":{"rendered":"http:\/\/www.lesfaitspygmalion.fr\/wordpress\/?page_id=14"},"modified":"2023-03-29T16:28:22","modified_gmt":"2023-03-29T14:28:22","slug":"stage","status":"publish","type":"page","link":"https:\/\/www.lesfaitspygmalion.fr\/wordpress\/stage\/","title":{"rendered":"Stages\/Ateliers"},"content":{"rendered":"\n<h2 class=\"wp-block-heading\">Formations pour adultes en entreprise (OPCO et plan de formation)<\/h2>\n\n\n\n<ul>\n<li>Pr\u00e9venir l&rsquo;\u00e9puisement professionnel en prenant soin de soi &#8211; <em><mark style=\"background-color:rgba(0, 0, 0, 0)\" class=\"has-inline-color has-vivid-cyan-blue-color\">2 jours<\/mark><\/em><\/li>\n\n\n\n<li>G\u00e9rer des situations conflictuelles au travail &#8211; <mark style=\"background-color:rgba(0, 0, 0, 0)\" class=\"has-inline-color has-vivid-cyan-blue-color\">2 jours<\/mark><\/li>\n\n\n\n<li>D\u00e9velopper son assertivit\u00e9 pour am\u00e9liorer ses relations professionnelles &#8211; <mark style=\"background-color:rgba(0, 0, 0, 0)\" class=\"has-inline-color has-vivid-cyan-blue-color\">2 jours<\/mark><\/li>\n\n\n\n<li>D\u00e9velopper sa communication interpersonnelle &#8211; <mark style=\"background-color:rgba(0, 0, 0, 0)\" class=\"has-inline-color has-vivid-cyan-blue-color\">2 jours<\/mark><\/li>\n<\/ul>\n\n\n\n<p><\/p>\n\n\n\n<p class=\"has-text-align-left\"> TARIF &#8211; PROGRAMME de FORMATION &amp; DATES : Me contacter &#8211; Devis sur demande<\/p>\n\n\n\n<figure class=\"wp-block-image size-large is-resized\"><img decoding=\"async\" loading=\"lazy\" src=\"http:\/\/www.lesfaitspygmalion.fr\/wordpress\/wp-content\/uploads\/2020\/03\/blanc.jpg\" alt=\"\" class=\"wp-image-279\" width=\"127\" height=\"127\" srcset=\"https:\/\/www.lesfaitspygmalion.fr\/wordpress\/wp-content\/uploads\/2020\/03\/blanc.jpg 400w, https:\/\/www.lesfaitspygmalion.fr\/wordpress\/wp-content\/uploads\/2020\/03\/blanc-300x300.jpg 300w, https:\/\/www.lesfaitspygmalion.fr\/wordpress\/wp-content\/uploads\/2020\/03\/blanc-150x150.jpg 150w\" sizes=\"(max-width: 127px) 100vw, 127px\" \/><\/figure>\n\n\n\n<h2 class=\"wp-block-heading\">Ateliers en 1\/2 journ\u00e9e pour jeunes et adultes &#8211; Atelier parents\/enfants<\/h2>\n\n\n\n<ul>\n<li>D\u00e9velopper sa communication pour faciliter l&rsquo;expression des \u00e9motions avec ses enfants : <mark style=\"background-color:rgba(0, 0, 0, 0)\" class=\"has-inline-color has-vivid-cyan-blue-color\">4 s\u00e9ances de 2h<\/mark><\/li>\n\n\n\n<li>Booster l&rsquo;apprentissage de son enfant : \u00e9l\u00e9mentaires : <em><mark style=\"background-color:rgba(0, 0, 0, 0)\" class=\"has-inline-color has-vivid-cyan-blue-color\">programme complet soit 12 s\u00e9ances de 1h30 ou 7 s\u00e9ances de 2h30<\/mark><\/em><\/li>\n\n\n\n<li>Booster l&rsquo;apprentissage de son coll\u00e9gien <em>: <mark style=\"background-color:rgba(0, 0, 0, 0)\" class=\"has-inline-color has-vivid-cyan-blue-color\">programme complet 8 s\u00e9ances de 2h ou 5 s\u00e9ances de 2h30<\/mark><\/em><\/li>\n\n\n\n<li>Orientation scolaire (coll\u00e9giens, lyc\u00e9ens) et projet professionnel (jeunes et adultes) : <mark style=\"background-color:rgba(0, 0, 0, 0)\" class=\"has-inline-color has-vivid-cyan-blue-color\"><em>3 s\u00e9ances de <\/em>3<\/mark>h<\/li>\n\n\n\n<li>Gestion des \u00e9motions en famille : <em><mark style=\"background-color:rgba(0, 0, 0, 0)\" class=\"has-inline-color has-vivid-cyan-blue-color\">4 s\u00e9ances de 2h30<\/mark><\/em><\/li>\n\n\n\n<li>Prendre soin de soi par la pr\u00e9sence attentive pour am\u00e9liorer son bien &#8211; \u00eatre : <em><mark style=\"background-color:rgba(0, 0, 0, 0)\" class=\"has-inline-color has-vivid-cyan-blue-color\">programme complet : 8 s\u00e9ances de 2h<\/mark><\/em><\/li>\n<\/ul>\n\n\n<div class=\"wp-block-image\">\n<figure class=\"aligncenter size-large is-resized\"><img decoding=\"async\" loading=\"lazy\" src=\"http:\/\/www.lesfaitspygmalion.fr\/wordpress\/wp-content\/uploads\/2020\/03\/carriere.jpg\" alt=\"\" class=\"wp-image-252\" width=\"372\" height=\"248\" srcset=\"https:\/\/www.lesfaitspygmalion.fr\/wordpress\/wp-content\/uploads\/2020\/03\/carriere.jpg 424w, https:\/\/www.lesfaitspygmalion.fr\/wordpress\/wp-content\/uploads\/2020\/03\/carriere-300x200.jpg 300w\" sizes=\"(max-width: 372px) 100vw, 372px\" \/><\/figure><\/div>","protected":false},"excerpt":{"rendered":"<p>Formations pour adultes en entreprise (OPCO et plan de formation) TARIF &#8211; PROGRAMME de FORMATION &amp; DATES : Me contacter &#8211; Devis sur demande Ateliers en 1\/2 journ\u00e9e pour jeunes et adultes &#8211; Atelier parents\/enfants<\/p>\n","protected":false},"author":1,"featured_media":400,"parent":0,"menu_order":3,"comment_status":"closed","ping_status":"closed","template":"","meta":[],"_links":{"self":[{"href":"https:\/\/www.lesfaitspygmalion.fr\/wordpress\/wp-json\/wp\/v2\/pages\/14"}],"collection":[{"href":"https:\/\/www.lesfaitspygmalion.fr\/wordpress\/wp-json\/wp\/v2\/pages"}],"about":[{"href":"https:\/\/www.lesfaitspygmalion.fr\/wordpress\/wp-json\/wp\/v2\/types\/page"}],"author":[{"embeddable":true,"href":"https:\/\/www.lesfaitspygmalion.fr\/wordpress\/wp-json\/wp\/v2\/users\/1"}],"replies":[{"embeddable":true,"href":"https:\/\/www.lesfaitspygmalion.fr\/wordpress\/wp-json\/wp\/v2\/comments?post=14"}],"version-history":[{"count":37,"href":"https:\/\/www.lesfaitspygmalion.fr\/wordpress\/wp-json\/wp\/v2\/pages\/14\/revisions"}],"predecessor-version":[{"id":641,"href":"https:\/\/www.lesfaitspygmalion.fr\/wordpress\/wp-json\/wp\/v2\/pages\/14\/revisions\/641"}],"wp:featuredmedia":[{"embeddable":true,"href":"https:\/\/www.lesfaitspygmalion.fr\/wordpress\/wp-json\/wp\/v2\/media\/400"}],"wp:attachment":[{"href":"https:\/\/www.lesfaitspygmalion.fr\/wordpress\/wp-json\/wp\/v2\/media?parent=14"}],"curies":[{"name":"wp","href":"https:\/\/api.w.org\/{rel}","templated":true}]}}