{"id":2,"date":"2020-02-12T20:01:57","date_gmt":"2020-02-12T19:01:57","guid":{"rendered":"http:\/\/www.lesfaitspygmalion.fr\/wordpress\/?page_id=2"},"modified":"2023-03-29T15:55:42","modified_gmt":"2023-03-29T13:55:42","slug":"page-d-exemple","status":"publish","type":"page","link":"https:\/\/www.lesfaitspygmalion.fr\/wordpress\/","title":{"rendered":"Accueil"},"content":{"rendered":"\n<h2 class=\"wp-block-heading\">Mes domaines d&rsquo;intervention<\/h2>\n\n\n\n<ul>\n<li><strong><em>Vous \u00eates une entreprise, une association ou une collectivit\u00e9<\/em><\/strong>, vos managers, vos salari\u00e9s sont stress\u00e9s, il y a de la tension dans les relations et vous avez envie d&rsquo;instaurer un climat de confiance au travail et cr\u00e9er de la coh\u00e9sion d&rsquo;\u00e9quipe <\/li>\n\n\n\n<li><strong><em>Vous \u00eates un parent<\/em><\/strong>, vous observez une d\u00e9motivation dans l&rsquo;apprentissage de votre enfant et vous ne savez pas comment faire pour l&rsquo;aider ; vous rencontrez des difficult\u00e9s dans votre relation ; votre enfant \u00e0 des difficult\u00e9s \u00e0 se concentrer ; votre enfant a besoin d&rsquo;\u00eatre guid\u00e9 dans son orientation <\/li>\n\n\n\n<li><em style=\"font-weight: bold;\">Vous \u00eates un professionnel<\/em><strong><em>, <\/em><\/strong><strong><em>un particulier<\/em><\/strong>, vous sentez stress\u00e9, agit\u00e9, surcharg\u00e9 \u00e9motionnellement avec des difficult\u00e9s \u00e0 vous endormir, \u00e0 vous concentrer et vous avez envie d&rsquo;am\u00e9liorer votre bien &#8211; \u00eatre <\/li>\n<\/ul>\n\n\n\n<h2 class=\"wp-block-heading\">Mon approche globale : accompagnement professionnel, familial et scolaire, individuel et\/ou collectif<\/h2>\n\n\n\n<p>Depuis 22 ans,&nbsp;j\u2019accompagne les personnes : professionnels, familles, jeunes dans le d\u00e9veloppement de leurs comp\u00e9tences psychosociales : cognitives, \u00e9motionnelles et relationnelles avec une approche qui prend en compte l&rsquo;humain dans sa globalit\u00e9 : <strong><em>t\u00eate c\u0153ur corps.<\/em><\/strong>      <\/p>\n\n\n\n<p>Mon \u00e9thique et ma d\u00e9ontologie : Avec authenticit\u00e9 mettre ma bo\u00eete \u00e0 outils au service de l&rsquo;humain et des relations dans le respect du rythme et de l&rsquo;unicit\u00e9 de chacun o\u00f9 bienveillance et responsabilit\u00e9 rime avec plaisir et bonne humeur.  <\/p>\n\n\n\n<h2 class=\"wp-block-heading\">Mon Parcours &nbsp; <\/h2>\n\n\n\n<div style=\"background-image: url('http:\/\/www.lesfaitspygmalion.fr\/wordpress\/wp-content\/themes\/coaching\/images\/maslow.png'); width:500px; height:300px; background-repeat:no-repeat;\">&nbsp;\n<div id=\"part1\">Praticienne en psychop\u00e9dagogie positive&nbsp;<br><a href=\"http:\/\/www.lesfaitspygmalion.fr\/wordpress\/parcours\/#parti1\">En savoir plus&#8230;<\/a><\/div>\n<div id=\"part2\">Formatrice pour adultes&nbsp;<br><a href=\"http:\/\/www.lesfaitspygmalion.fr\/wordpress\/parcours\/#parti2\">En savoir plus&#8230;<\/a><\/div>\n<div id=\"part3\">Responsable d\u2019Unit\u00e9 d\u2019Intervention Sociale&nbsp;<br><a href=\"http:\/\/www.lesfaitspygmalion.fr\/wordpress\/parcours\/#parti3\">En savoir plus&#8230;<\/a><\/div>\n<\/div>\n\n\n\n<p><\/p>\n\n\n\n<p><strong>Qui suis je<\/strong> ? <\/p>\n\n\n\n<p>Je suis une amoureuse du vivant et de la vie.<\/p>\n\n\n\n<p>J&rsquo;ai d\u00e9cid\u00e9 de cr\u00e9er \u00ab\u00a0Les faits pygmalion\u00a0\u00bb, un institut de formation, \u00e0 mon image, que j&rsquo;ai transform\u00e9 en \u00e9picerie fine du bien \u00eatre \u00e0 faire infuser dans son quotidien o\u00f9 l&rsquo;on consomme selon ses besoins et \u00e0 son rythme. <\/p>\n\n\n\n<p>Je propose une gamme diversifi\u00e9e de produits \u00e0 toucher, \u00e0 sentir, \u00e0 go\u00fbter\u2026, un espace d&rsquo;exp\u00e9rimentations sensorielles surprenantes et inhabituelles pour apprendre \u00e0 g\u00e9rer le stress, les \u00e9motions et les relations difficiles et gagner en s\u00e9r\u00e9nit\u00e9 .<\/p>\n\n\n\n<p>Enfant, j&rsquo;\u00e9tais une petite fille sensible et curieuse de tout. Pourtant on m&rsquo;a appris \u00e0 contenir mes \u00e9motions. Ado, au coll\u00e8ge, c&rsquo;\u00e9tait \u00ab\u00a0peut mieux faire\u00a0\u00bb. On ne m&rsquo;a jamais dit \u00ab\u00a0comment\u00a0\u00bb mieux faire. J&rsquo;ai appris \u00e0 tout donn\u00e9 \u00e0 fond pour r\u00e9pondre aux attentes des autres.<\/p>\n\n\n\n<p>Adulte, cheffe de service, confront\u00e9e \u00e0 une surcharge de travail soutenue, j&rsquo;ai fini par \u00e9puis\u00e9 mes ressources internes. <strong>Bingo<\/strong> : Arr\u00eat de travail pour rel\u00e2cher la pression. <\/p>\n\n\n\n<p>Deux options se pr\u00e9sentent \u00e0 moi, soit je d\u00e9cide de me positionner en victime ou soit je d\u00e9cide d&rsquo;en faire une force. J&rsquo;ai choisi l&rsquo;option 2, accepter d&rsquo;en faire une force et me donner les moyens de devenir une pro du \u00ab\u00a0Etre bien\u00a0\u00bb en cherchant \u00e0 comprendre comment cela \u00e0 t&rsquo;il pu se produire.<\/p>\n\n\n\n<p>Pour amorcer mon changement de cap, j\u2019ai eu besoin d&rsquo;investir sur mon parcours pour apprendre comment faire. Avec une bonne dose de motivation, un but (ma vision id\u00e9ale du monde), un environnement soutenant et plus encore : la certitude que je peux r\u00e9ussir \u00e0 \u00eatre qui je suis avec authenticit\u00e9.           <\/p>\n\n\n\n<p><em>Plus que ce qui nous arrive, ce qui importe c\u2019est comment nous narrons ce qui nous arrive. Le regard que l\u2019on porte sur celui-ci est d\u00e9terminant pour la suite de notre parcours<\/em> :  <em><strong>L\u2019effet pygmalion<\/strong>. <\/em>    <\/p>\n\n\n\n<p><strong>Ma mission <\/strong>:     <\/p>\n\n\n\n<p>Accompagner chacun, en formation ou en ateliers, \u00e0 avoir une meilleure conscience de soi pour se \u00ab\u00a0re\u00a0\u00bb connecter \u00e0 ses ressources int\u00e9rieures et y trouver calme et force dans l&rsquo;instant pr\u00e9sent pour orienter son attention et son comportement vers la destination choisie.<\/p>\n\n\n\n<figure class=\"wp-block-image size-large is-resized\"><img decoding=\"async\" loading=\"lazy\" src=\"http:\/\/www.lesfaitspygmalion.fr\/wordpress\/wp-content\/uploads\/2020\/03\/blanc.jpg\" alt=\"\" class=\"wp-image-279\" width=\"274\" height=\"274\" srcset=\"https:\/\/www.lesfaitspygmalion.fr\/wordpress\/wp-content\/uploads\/2020\/03\/blanc.jpg 400w, https:\/\/www.lesfaitspygmalion.fr\/wordpress\/wp-content\/uploads\/2020\/03\/blanc-300x300.jpg 300w, https:\/\/www.lesfaitspygmalion.fr\/wordpress\/wp-content\/uploads\/2020\/03\/blanc-150x150.jpg 150w\" sizes=\"(max-width: 274px) 100vw, 274px\" \/><\/figure>\n","protected":false},"excerpt":{"rendered":"<p>Mes domaines d&rsquo;intervention Mon approche globale : accompagnement professionnel, familial et scolaire, individuel et\/ou collectif Depuis 22 ans,&nbsp;j\u2019accompagne les personnes : professionnels, familles, jeunes dans le d\u00e9veloppement de leurs comp\u00e9tences psychosociales : cognitives, \u00e9motionnelles et relationnelles avec une approche qui prend en compte l&rsquo;humain dans sa globalit\u00e9 : t\u00eate c\u0153ur corps. Mon \u00e9thique et ma [&hellip;]<\/p>\n","protected":false},"author":1,"featured_media":400,"parent":0,"menu_order":0,"comment_status":"closed","ping_status":"open","template":"","meta":[],"_links":{"self":[{"href":"https:\/\/www.lesfaitspygmalion.fr\/wordpress\/wp-json\/wp\/v2\/pages\/2"}],"collection":[{"href":"https:\/\/www.lesfaitspygmalion.fr\/wordpress\/wp-json\/wp\/v2\/pages"}],"about":[{"href":"https:\/\/www.lesfaitspygmalion.fr\/wordpress\/wp-json\/wp\/v2\/types\/page"}],"author":[{"embeddable":true,"href":"https:\/\/www.lesfaitspygmalion.fr\/wordpress\/wp-json\/wp\/v2\/users\/1"}],"replies":[{"embeddable":true,"href":"https:\/\/www.lesfaitspygmalion.fr\/wordpress\/wp-json\/wp\/v2\/comments?post=2"}],"version-history":[{"count":73,"href":"https:\/\/www.lesfaitspygmalion.fr\/wordpress\/wp-json\/wp\/v2\/pages\/2\/revisions"}],"predecessor-version":[{"id":632,"href":"https:\/\/www.lesfaitspygmalion.fr\/wordpress\/wp-json\/wp\/v2\/pages\/2\/revisions\/632"}],"wp:featuredmedia":[{"embeddable":true,"href":"https:\/\/www.lesfaitspygmalion.fr\/wordpress\/wp-json\/wp\/v2\/media\/400"}],"wp:attachment":[{"href":"https:\/\/www.lesfaitspygmalion.fr\/wordpress\/wp-json\/wp\/v2\/media?parent=2"}],"curies":[{"name":"wp","href":"https:\/\/api.w.org\/{rel}","templated":true}]}}